{"id":9911,"date":"2024-06-15T14:31:11","date_gmt":"2024-06-15T14:31:11","guid":{"rendered":"https:\/\/miaamorcandle.com\/?post_type=product&#038;p=9911"},"modified":"2025-03-10T15:46:38","modified_gmt":"2025-03-10T15:46:38","slug":"miaamor-crunchy-peach-3","status":"publish","type":"product","link":"https:\/\/miaamorcandle.com\/en\/termek\/miaamor-crunchy-peach-3\/","title":{"rendered":"Miaamor &#8211; Crunchy Peach"},"content":{"rendered":"<p>&#8220;Az \u00e1sv\u00e1nyok nem helyettes\u00edtik a nyugati orvosl\u00e1s \u00e1ltal meghat\u00e1rozott k\u00f6vetelm\u00e9nyeket, \u00e9s nem tekinthet\u0151k eg\u00e9szs\u00e9g\u00fcgyi vagy ter\u00e1pi\u00e1s eszk\u00f6znek.&#8221;<\/p>\n","protected":false},"excerpt":{"rendered":"<p>&#8220;Az \u00e1sv\u00e1nyok nem helyettes\u00edtik a nyugati orvosl\u00e1s \u00e1ltal meghat\u00e1rozott k\u00f6vetelm\u00e9nyeket, \u00e9s nem tekinthet\u0151k eg\u00e9szs\u00e9g\u00fcgyi vagy ter\u00e1pi\u00e1s eszk\u00f6znek.&#8221;<\/p>\n","protected":false},"featured_media":9486,"comment_status":"open","ping_status":"closed","template":"","meta":{"inline_featured_image":false},"product_cat":[464,797,455,699,522],"product_tag":[],"aioseo_notices":[],"_links":{"self":[{"href":"https:\/\/miaamorcandle.com\/en\/wp-json\/wp\/v2\/product\/9911"}],"collection":[{"href":"https:\/\/miaamorcandle.com\/en\/wp-json\/wp\/v2\/product"}],"about":[{"href":"https:\/\/miaamorcandle.com\/en\/wp-json\/wp\/v2\/types\/product"}],"replies":[{"embeddable":true,"href":"https:\/\/miaamorcandle.com\/en\/wp-json\/wp\/v2\/comments?post=9911"}],"version-history":[{"count":1,"href":"https:\/\/miaamorcandle.com\/en\/wp-json\/wp\/v2\/product\/9911\/revisions"}],"predecessor-version":[{"id":15979,"href":"https:\/\/miaamorcandle.com\/en\/wp-json\/wp\/v2\/product\/9911\/revisions\/15979"}],"wp:featuredmedia":[{"embeddable":true,"href":"https:\/\/miaamorcandle.com\/en\/wp-json\/wp\/v2\/media\/9486"}],"wp:attachment":[{"href":"https:\/\/miaamorcandle.com\/en\/wp-json\/wp\/v2\/media?parent=9911"}],"wp:term":[{"taxonomy":"product_cat","embeddable":true,"href":"https:\/\/miaamorcandle.com\/en\/wp-json\/wp\/v2\/product_cat?post=9911"},{"taxonomy":"product_tag","embeddable":true,"href":"https:\/\/miaamorcandle.com\/en\/wp-json\/wp\/v2\/product_tag?post=9911"}],"curies":[{"name":"wp","href":"https:\/\/api.w.org\/{rel}","templated":true}]}}