{"id":8568,"date":"2025-07-29T14:00:48","date_gmt":"2025-07-29T14:00:48","guid":{"rendered":"https:\/\/miaamorcandle.com\/termek\/pure-lavender\/"},"modified":"2025-03-11T07:56:16","modified_gmt":"2025-03-11T07:56:16","slug":"pure-lavender","status":"publish","type":"product","link":"https:\/\/miaamorcandle.com\/en\/termek\/pure-lavender\/","title":{"rendered":"Pure Lavender"},"content":{"rendered":"<p>Fill your home with <strong>100% pure lavender<\/strong> scent with <strong>Miaamor Pure lavender<\/strong>, a premium soy wax <strong>candle<\/strong> with a burn time of <strong>45-50 hours!<\/strong><\/p>\n<p>Once melted, the <strong>wax<\/strong> will <strong>sparkle<\/strong> with beautiful <strong>sparkles<\/strong>. I achieved the shimmering effect with natural <strong>mineral<\/strong> colouring. All the ingredients I use for the candles are <strong>natural<\/strong> and <strong>vegan<\/strong>.<\/p>\n<p>Important!<br \/>\nEach time you light a candle, let the candle burn until the soy wax has melted from rim to rim. This can take 1-3 hours depending on the diameter.<\/p>\n<p>Don&#8217;t leave the candle unattended!<\/p>\n<p>&nbsp;<\/p>\n<p>&#8220;Az \u00e1sv\u00e1nyok nem helyettes\u00edtik a nyugati orvosl\u00e1s \u00e1ltal meghat\u00e1rozott k\u00f6vetelm\u00e9nyeket, \u00e9s nem tekinthet\u0151k eg\u00e9szs\u00e9g\u00fcgyi vagy ter\u00e1pi\u00e1s eszk\u00f6znek.&#8221;<\/p>\n","protected":false},"excerpt":{"rendered":"<p>Fill your home with 100% pure lavender scent with Miaamor Pure lavender, a premium soy wax candle with a burn time of 45-50 hours! Once melted, the wax will sparkle with beautiful sparkles. I achieved the shimmering effect with natural mineral colouring. All the ingredients I use for the candles are natural and vegan. Important! [&hellip;]<\/p>\n","protected":false},"featured_media":8208,"comment_status":"open","ping_status":"closed","template":"","meta":{"inline_featured_image":false},"product_cat":[464,797,455,522,523],"product_tag":[],"aioseo_notices":[],"_links":{"self":[{"href":"https:\/\/miaamorcandle.com\/en\/wp-json\/wp\/v2\/product\/8568"}],"collection":[{"href":"https:\/\/miaamorcandle.com\/en\/wp-json\/wp\/v2\/product"}],"about":[{"href":"https:\/\/miaamorcandle.com\/en\/wp-json\/wp\/v2\/types\/product"}],"replies":[{"embeddable":true,"href":"https:\/\/miaamorcandle.com\/en\/wp-json\/wp\/v2\/comments?post=8568"}],"version-history":[{"count":1,"href":"https:\/\/miaamorcandle.com\/en\/wp-json\/wp\/v2\/product\/8568\/revisions"}],"predecessor-version":[{"id":16054,"href":"https:\/\/miaamorcandle.com\/en\/wp-json\/wp\/v2\/product\/8568\/revisions\/16054"}],"wp:featuredmedia":[{"embeddable":true,"href":"https:\/\/miaamorcandle.com\/en\/wp-json\/wp\/v2\/media\/8208"}],"wp:attachment":[{"href":"https:\/\/miaamorcandle.com\/en\/wp-json\/wp\/v2\/media?parent=8568"}],"wp:term":[{"taxonomy":"product_cat","embeddable":true,"href":"https:\/\/miaamorcandle.com\/en\/wp-json\/wp\/v2\/product_cat?post=8568"},{"taxonomy":"product_tag","embeddable":true,"href":"https:\/\/miaamorcandle.com\/en\/wp-json\/wp\/v2\/product_tag?post=8568"}],"curies":[{"name":"wp","href":"https:\/\/api.w.org\/{rel}","templated":true}]}}