{"id":12367,"date":"2025-03-30T13:25:39","date_gmt":"2025-03-30T13:25:39","guid":{"rendered":"https:\/\/miaamorcandle.com\/?post_type=product&p=12367"},"modified":"2024-02-04T13:25:39","modified_gmt":"2024-02-04T13:25:39","slug":"miaamor-lilac-lullaby","status":"publish","type":"product","link":"https:\/\/miaamorcandle.com\/en\/termek\/miaamor-lilac-lullaby\/","title":{"rendered":"Lilac Lullaby Soy Wax Candle"},"content":{"rendered":"<p><b>Lilac<\/b> scented <strong>100% soy wax candle<\/strong> with <strong>green aventurine<\/strong> minerals on top.<\/p>\n<p><strong>Minerals<\/strong>: Green Aventurine<\/p>\n<p><strong>Scent<\/strong>: Lilac<\/p>\n<p><strong>Burning time:<\/strong> approx. Burning time: 40 hours of happiness in a bottle. &lt;<\/p>\n<p><strong>Aj\u00e1nd\u00e9k<\/strong>: Meglepet\u00e9sszer\u0171 nyakl\u00e1nc<\/p>\n<p><strong>The correct burning of a candle:<\/strong> minimum 1.5 hours for the first ignition and maximum 3 hours for subsequent ignitions. Always wait until the soy wax has melted from rim to rim:) The metal top is designed so that you can comfortably place the candle on it, the metal dissipates the heat and the glass gets less hot.<\/p>\n<p>Once the <strong>wax<\/strong> has melted, it will <strong>sparkle<\/strong> with beautiful <strong>sparkles<\/strong>. I achieved the shimmering effect with natural <strong>mineral<\/strong> colouring. All the ingredients I use for the candles are <strong>natural<\/strong> and <strong>vegan<\/strong>.<\/p>\n<p><strong>Important<\/strong>!<br \/>\nEach time you light a candle, let the candle burn until the soy wax has melted from rim to rim. This can take 1-3 hours depending on the diameter.<\/p>\n<p><strong>Don&#8217;t leave the candle unattended!<\/strong><\/p>\n","protected":false},"excerpt":{"rendered":"<p>Lilac scented 100% soy wax candle with green aventurine minerals on top. Minerals: Green Aventurine Scent: Lilac Burning time: approx. Burning time: 40 hours of happiness in a bottle. &lt; Aj\u00e1nd\u00e9k: Meglepet\u00e9sszer\u0171 nyakl\u00e1nc The correct burning of a candle: minimum 1.5 hours for the first ignition and maximum 3 hours for subsequent ignitions. Always wait [&hellip;]<\/p>\n","protected":false},"featured_media":12290,"comment_status":"open","ping_status":"closed","template":"","meta":{"inline_featured_image":false},"product_cat":[464,797,455,1007],"product_tag":[],"aioseo_notices":[],"_links":{"self":[{"href":"https:\/\/miaamorcandle.com\/en\/wp-json\/wp\/v2\/product\/12367"}],"collection":[{"href":"https:\/\/miaamorcandle.com\/en\/wp-json\/wp\/v2\/product"}],"about":[{"href":"https:\/\/miaamorcandle.com\/en\/wp-json\/wp\/v2\/types\/product"}],"replies":[{"embeddable":true,"href":"https:\/\/miaamorcandle.com\/en\/wp-json\/wp\/v2\/comments?post=12367"}],"version-history":[{"count":1,"href":"https:\/\/miaamorcandle.com\/en\/wp-json\/wp\/v2\/product\/12367\/revisions"}],"predecessor-version":[{"id":16016,"href":"https:\/\/miaamorcandle.com\/en\/wp-json\/wp\/v2\/product\/12367\/revisions\/16016"}],"wp:featuredmedia":[{"embeddable":true,"href":"https:\/\/miaamorcandle.com\/en\/wp-json\/wp\/v2\/media\/12290"}],"wp:attachment":[{"href":"https:\/\/miaamorcandle.com\/en\/wp-json\/wp\/v2\/media?parent=12367"}],"wp:term":[{"taxonomy":"product_cat","embeddable":true,"href":"https:\/\/miaamorcandle.com\/en\/wp-json\/wp\/v2\/product_cat?post=12367"},{"taxonomy":"product_tag","embeddable":true,"href":"https:\/\/miaamorcandle.com\/en\/wp-json\/wp\/v2\/product_tag?post=12367"}],"curies":[{"name":"wp","href":"https:\/\/api.w.org\/{rel}","templated":true}]}}