{"id":10769,"date":"2023-07-25T10:00:57","date_gmt":"2023-07-25T10:00:57","guid":{"rendered":"https:\/\/miaamorcandle.com\/termek\/tarot-soy-wax-candle-with-protective-gemstones"},"modified":"2023-07-25T10:00:57","modified_gmt":"2023-07-25T10:00:57","slug":"miaamor-mistery-tarot-with-mystic-scent","status":"publish","type":"product","link":"https:\/\/miaamorcandle.com\/en\/termek\/miaamor-mistery-tarot-with-mystic-scent\/","title":{"rendered":"Tarot soy wax candle with protective gemstones"},"content":{"rendered":"<p><strong>Surprising tarot necklace hiding a lemon lavender scented premium soy wax candle.<\/strong> The necklace chain is made of <strong>stainless steel<\/strong>, so it will not irritate the skin in any way. The candle is endowed with <strong>protective<\/strong>, <strong>harmony-creating<\/strong> <strong>gemstones<\/strong> such as <strong>amethyst<\/strong> and <strong>obsidian<\/strong>.<\/p>\n<p><strong>The Tarot candle takes us into a mystical world<\/strong>, which not only offers us a personal message and experience through its <strong>fragrance<\/strong>, <strong>beauty<\/strong> and the <strong>beneficial effects of its gemstones<\/strong>, but also through the gift jewel it contains. Some of the cards from the classic Tarot deck, which has ancient roots and is still popular today, are hidden in the Miaamor candles in the form of necklaces. The symbols on these cards speak to us in a sophisticated language to help us understand the adventurous journeys of our lives so far, reflect on what is happening in the present and explore our inner world.<\/p>\n<p>The candles contain five tarot necklaces of the 22 Great Arcana cards: the Lovers, the Wheel of Fortune, the Star, the Sun, and the World. A Nagy Ark\u00e1num fontos esem\u00e9nyeket \u00e9s lelki fejl\u0151d\u00e9st reprezent\u00e1l az \u00e9let\u00fcnkben, olyan archetipikus k\u00e9pek, melyeket b\u00e1rki, b\u00e1rhol meg\u00e9rthet nevel\u00e9st\u0151l \u00e9s kult\u00far\u00e1t\u00f3l f\u00fcggetlen\u00fcl. The secret of the Arcanum is that we already know their meaning, we are just not aware that we know it. M\u00e9g.<\/p>\n<p> <strong>The<\/strong> appearance of <strong>the Lovers<\/strong> card can mean that love is coming into our lives, but it can also be an invitation to open our hearts, to be open to any form of love that comes our way. The card represents the most powerful forces in the universe, urging us to prioritise our physical, biological and spiritual desires and goals. romance, choice, seduction, desire, erotica<\/p>\n<p><strong>The<\/strong> <strong>Wheel of Fortune<\/strong> may come when we can reasonably expect our luck to turn to the right. It invites us to throw ourselves into life, to play the card and to actively act, to dance boldly with our destiny. A Szerencseker\u00e9k el\u0151legezi meg<\/p>\n<p><strong>The<\/strong> arrival of the <strong>World Card.<\/strong> It tells us that change is coming soon in our lives. szerencse, h\u00edrn\u00e9v, boldogs\u00e1g, fordulatok, a Sors szelei A Csillag a szabads\u00e1g h\u00edrn\u00f6ke, a l\u00e9lek megnyit\u00e1s\u00e1nak seg\u00edt\u0151je. A lehet\u0151s\u00e9g, az \u00e9let, a kapcsol\u00f3d\u00e1s k\u00fcsz\u00f6b\u00e9n \u00e1llunk. It is the completion of purification in our energies, it encourages selflessness, and through our newfound clarity, the body becomes alive, warm and welcoming. This state allows new ideas and creativity to flourish. An unexpected opportunity, an exciting occasion, a life situation that we could only have imagined in our wildest dreams can now become a reality. catharsis, inspiration, hope, optimism, clarity, peace.<\/p>\n<p> <strong>The Sun i<\/strong>lluminates all aspects of our lives with health. It brings the scorching heat of the long summer days. This card shows us who we are: our hearts open up, grow bigger, and we can see what we are capable of in order to move forward with our goals and desires. Happiness, joy, spiritual awareness await us. The sun&#8217;s warming rays on our faces let us know that whatever happens, everything will be OK. We are safe. creation, wealth, satisfaction, success, vitality<\/p>\n<p>Through the World Card, what The Wheel of Fortune has signalled to us can now finally take real and definitive form. It marks a glorious moment of fulfillment, our actions, gestures, thoughts and feelings are fulfilled. Self-consciousness is now sidelined, replaced by total trust, time deepens, ego dissipates. The World is the last card in the Great Arcana: the big bang, perfect and ready. That sweet moment in life when all the energies come together around us. Our wish is finally granted, and our gift is shared with the world. We are fully in the present, now the blessed state. pure pleasure, definite success, adventure, euphoria, journey, perfection<\/p>\n<p>Writer: Vikt\u00f3ria Macsk\u00e1s (Amnojje)<\/p>\n","protected":false},"excerpt":{"rendered":"<p>Surprising tarot necklace hiding a lemon lavender scented premium soy wax candle. The necklace chain is made of stainless steel, so it will not irritate the skin in any way. The candle is endowed with protective, harmony-creating gemstones such as amethyst and obsidian. The Tarot candle takes us into a mystical world, which not only [&hellip;]<\/p>\n","protected":false},"featured_media":9510,"comment_status":"open","ping_status":"closed","template":"","meta":{"inline_featured_image":false},"product_cat":[464,781,455,699,460,528],"product_tag":[],"aioseo_notices":[],"_links":{"self":[{"href":"https:\/\/miaamorcandle.com\/en\/wp-json\/wp\/v2\/product\/10769"}],"collection":[{"href":"https:\/\/miaamorcandle.com\/en\/wp-json\/wp\/v2\/product"}],"about":[{"href":"https:\/\/miaamorcandle.com\/en\/wp-json\/wp\/v2\/types\/product"}],"replies":[{"embeddable":true,"href":"https:\/\/miaamorcandle.com\/en\/wp-json\/wp\/v2\/comments?post=10769"}],"version-history":[{"count":0,"href":"https:\/\/miaamorcandle.com\/en\/wp-json\/wp\/v2\/product\/10769\/revisions"}],"wp:featuredmedia":[{"embeddable":true,"href":"https:\/\/miaamorcandle.com\/en\/wp-json\/wp\/v2\/media\/9510"}],"wp:attachment":[{"href":"https:\/\/miaamorcandle.com\/en\/wp-json\/wp\/v2\/media?parent=10769"}],"wp:term":[{"taxonomy":"product_cat","embeddable":true,"href":"https:\/\/miaamorcandle.com\/en\/wp-json\/wp\/v2\/product_cat?post=10769"},{"taxonomy":"product_tag","embeddable":true,"href":"https:\/\/miaamorcandle.com\/en\/wp-json\/wp\/v2\/product_tag?post=10769"}],"curies":[{"name":"wp","href":"https:\/\/api.w.org\/{rel}","templated":true}]}}