

{"id":8378,"date":"2021-10-14T08:39:24","date_gmt":"2021-10-14T08:39:24","guid":{"rendered":"https:\/\/miaamorcandle.com\/about-us\/"},"modified":"2023-04-02T09:20:24","modified_gmt":"2023-04-02T09:20:24","slug":"about-us","status":"publish","type":"page","link":"https:\/\/miaamorcandle.com\/en\/about-us\/","title":{"rendered":"About us"},"content":{"rendered":"\t\t<div data-elementor-type=\"wp-page\" data-elementor-id=\"8378\" class=\"elementor elementor-8378 elementor-95\">\n\t\t\t\t\t\t\t\t\t<div class=\"elementor-section elementor-top-section elementor-element elementor-element-ace6ed2 elementor-section-stretched elementor-section-boxed elementor-section-height-default elementor-section-height-default\" data-id=\"ace6ed2\" data-element_type=\"section\" data-settings=\"{&quot;stretch_section&quot;:&quot;section-stretched&quot;,&quot;background_background&quot;:&quot;classic&quot;}\">\n\t\t\t\t\t\t<div class=\"elementor-container elementor-column-gap-no\">\n\t\t\t\t\t<div class=\"elementor-column elementor-col-100 elementor-top-column elementor-element elementor-element-1d19dbd\" data-id=\"1d19dbd\" data-element_type=\"column\">\n\t\t\t<div class=\"elementor-widget-wrap elementor-element-populated\">\n\t\t\t\t\t\t\t\t<div class=\"elementor-section elementor-inner-section elementor-element elementor-element-f393bc8 elementor-section-boxed elementor-section-height-default elementor-section-height-default\" data-id=\"f393bc8\" data-element_type=\"section\">\n\t\t\t\t\t\t<div class=\"elementor-container elementor-column-gap-no\">\n\t\t\t\t\t<div class=\"elementor-column elementor-col-50 elementor-inner-column elementor-element elementor-element-3bf5a5a\" data-id=\"3bf5a5a\" data-element_type=\"column\" data-settings=\"{&quot;background_background&quot;:&quot;classic&quot;}\">\n\t\t\t<div class=\"elementor-widget-wrap\">\n\t\t\t\t\t\t\t\t\t<\/div>\n\t\t<\/div>\n\t\t\t\t<div class=\"elementor-column elementor-col-50 elementor-inner-column elementor-element elementor-element-73253bc\" data-id=\"73253bc\" data-element_type=\"column\">\n\t\t\t<div class=\"elementor-widget-wrap elementor-element-populated\">\n\t\t\t\t\t\t\t\t<div class=\"elementor-element elementor-element-4336ce2 elementor-widget elementor-widget-image\" data-id=\"4336ce2\" data-element_type=\"widget\" data-widget_type=\"image.default\">\n\t\t\t\t<div class=\"elementor-widget-container\">\n\t\t\t<style>\/*! elementor - v3.11.5 - 14-03-2023 *\/\n.elementor-widget-image{text-align:center}.elementor-widget-image a{display:inline-block}.elementor-widget-image a img[src$=\".svg\"]{width:48px}.elementor-widget-image img{vertical-align:middle;display:inline-block}<\/style>\t\t\t\t\t\t\t\t\t\t\t\t<img loading=\"lazy\" decoding=\"async\" width=\"1920\" height=\"1280\" src=\"https:\/\/miaamorcandle.com\/wp-content\/uploads\/2022\/12\/IMG_8713.jpg\" class=\"attachment-full size-full wp-image-6353\" alt=\"Illatviasz\" srcset=\"https:\/\/miaamorcandle.com\/wp-content\/uploads\/2022\/12\/IMG_8713.jpg 1920w, https:\/\/miaamorcandle.com\/wp-content\/uploads\/2022\/12\/IMG_8713-800x533.jpg 800w, https:\/\/miaamorcandle.com\/wp-content\/uploads\/2022\/12\/IMG_8713-300x200.jpg 300w, https:\/\/miaamorcandle.com\/wp-content\/uploads\/2022\/12\/IMG_8713-1024x683.jpg 1024w, https:\/\/miaamorcandle.com\/wp-content\/uploads\/2022\/12\/IMG_8713-768x512.jpg 768w, https:\/\/miaamorcandle.com\/wp-content\/uploads\/2022\/12\/IMG_8713-1536x1024.jpg 1536w, https:\/\/miaamorcandle.com\/wp-content\/uploads\/2022\/12\/IMG_8713-630x420.jpg 630w\" sizes=\"(max-width: 1920px) 100vw, 1920px\" \/>\t\t\t\t\t\t\t\t\t\t\t\t\t\t\t<\/div>\n\t\t\t\t<\/div>\n\t\t\t\t<div class=\"elementor-element elementor-element-4be3309 elementor-widget elementor-widget-heading\" data-id=\"4be3309\" data-element_type=\"widget\" data-widget_type=\"heading.default\">\n\t\t\t\t<div class=\"elementor-widget-container\">\n\t\t\t<style>\/*! elementor - v3.11.5 - 14-03-2023 *\/\n.elementor-heading-title{padding:0;margin:0;line-height:1}.elementor-widget-heading .elementor-heading-title[class*=elementor-size-]>a{color:inherit;font-size:inherit;line-height:inherit}.elementor-widget-heading .elementor-heading-title.elementor-size-small{font-size:15px}.elementor-widget-heading .elementor-heading-title.elementor-size-medium{font-size:19px}.elementor-widget-heading .elementor-heading-title.elementor-size-large{font-size:29px}.elementor-widget-heading .elementor-heading-title.elementor-size-xl{font-size:39px}.elementor-widget-heading .elementor-heading-title.elementor-size-xxl{font-size:59px}<\/style><h2 class=\"elementor-heading-title elementor-size-default\">100% vegan products made by hand and with lots of love.<\/h2>\t\t<\/div>\n\t\t\t\t<\/div>\n\t\t\t\t\t<\/div>\n\t\t<\/div>\n\t\t\t\t\t\t\t<\/div>\n\t\t<\/div>\n\t\t\t\t<div class=\"elementor-section elementor-inner-section elementor-element elementor-element-41b727c elementor-section-boxed elementor-section-height-default elementor-section-height-default\" data-id=\"41b727c\" data-element_type=\"section\">\n\t\t\t\t\t\t<div class=\"elementor-container elementor-column-gap-no\">\n\t\t\t\t\t<div class=\"elementor-column elementor-col-50 elementor-inner-column elementor-element elementor-element-b514817\" data-id=\"b514817\" data-element_type=\"column\">\n\t\t\t<div class=\"elementor-widget-wrap elementor-element-populated\">\n\t\t\t\t\t\t\t\t<div class=\"elementor-element elementor-element-54aead9 elementor-widget__width-initial elementor-widget-tablet__width-inherit elementor-widget elementor-widget-heading\" data-id=\"54aead9\" data-element_type=\"widget\" data-widget_type=\"heading.default\">\n\t\t\t\t<div class=\"elementor-widget-container\">\n\t\t\t<h1 class=\"elementor-heading-title elementor-size-default\">Miaamor<\/h1>\t\t<\/div>\n\t\t\t\t<\/div>\n\t\t\t\t<div class=\"elementor-element elementor-element-9454589 elementor-widget__width-initial elementor-widget-tablet__width-inherit elementor-widget elementor-widget-text-editor\" data-id=\"9454589\" data-element_type=\"widget\" data-widget_type=\"text-editor.default\">\n\t\t\t\t<div class=\"elementor-widget-container\">\n\t\t\t<style>\/*! elementor - v3.11.5 - 14-03-2023 *\/\n.elementor-widget-text-editor.elementor-drop-cap-view-stacked .elementor-drop-cap{background-color:#818a91;color:#fff}.elementor-widget-text-editor.elementor-drop-cap-view-framed .elementor-drop-cap{color:#818a91;border:3px solid;background-color:transparent}.elementor-widget-text-editor:not(.elementor-drop-cap-view-default) .elementor-drop-cap{margin-top:8px}.elementor-widget-text-editor:not(.elementor-drop-cap-view-default) .elementor-drop-cap-letter{width:1em;height:1em}.elementor-widget-text-editor .elementor-drop-cap{float:left;text-align:center;line-height:1;font-size:50px}.elementor-widget-text-editor .elementor-drop-cap-letter{display:inline-block}<\/style>\t\t\t\t<p>Give 50 hours of happiness into your home and your soul!<\/p>\n\t\t\t\t\t\t<\/div>\n\t\t\t\t<\/div>\n\t\t\t\t<div class=\"elementor-element elementor-element-327c9e4 elementor-widget__width-initial elementor-widget-tablet__width-inherit elementor-widget elementor-widget-text-editor\" data-id=\"327c9e4\" data-element_type=\"widget\" data-widget_type=\"text-editor.default\">\n\t\t\t\t<div class=\"elementor-widget-container\">\n\t\t\t\t\t\t\t<p class=\"MsoNormal\"><span style=\"font-size: 16.0pt; line-height: 107%;\"><b>Miaamor <\/b>grew from a sudden idea into a business, for which I am indescribably grateful to you! As for me, I love fire and fragrances, I&#8217;m simply a scent fanatic. However, my skin is very sensitive and does not tolerate synthetic substances in perfume, rinse or any other form.<\/span><\/p>\n<p class=\"MsoNormal\"><span style=\"font-size: 16.0pt; line-height: 107%;\">It <strong>matters<\/strong> what <strong>our skin comes into contact with<\/strong>, just as it matters <strong>what we breathe in<\/strong>. I had eczema for years, so like all eczema sufferers, I had to give up 95% of my perfumes with a sore heart. I switched to products made from natural ingredients, hence the sudden idea I wrote about at the beginning, why don&#8217;t I make my own? After all, I only really know what&#8217;s in the product when I make it. And knowledge is something that no one can take away from us, the unknown is something that we can learn and master with all our heart and motivation, something that interests us.<\/span><\/p>\n<p class=\"MsoNormal\"><span style=\"font-size: 16.0pt; line-height: 107%;\">Initially I started Miaamor with candles because of my love of fire, but I have a lot of different products that I want to make and will make in time (bath bombs free of Slsa and all other drying ingredients, bath salts and other relaxation products) and I have mineral jewellery and different mineral decorations planned.<\/span><\/p>\n<p class=\"MsoNormal\"><span style=\"font-size: 16.0pt; line-height: 107%;\">For me it is essential to work with the highest quality ingredients, because in my view health is the most important thing and we should do everything we can to protect it.<\/span><\/p>\n<p class=\"MsoNormal\"><span style=\"font-size: 16.0pt; line-height: 107%;\">I simply love that my job can be my dream and I am infinitely grateful to all of you who vote me confidence! As a token of my gratitude, I always include a small gift with every order, and I&#8217;ve created a guarantee to ensure that you have an experience of total satisfaction with Miaamor. Our priority is to bring harmony and happiness into people&#8217;s homes and souls.  <\/span><\/p>\n\t\t\t\t\t\t<\/div>\n\t\t\t\t<\/div>\n\t\t\t\t<div class=\"elementor-element elementor-element-cc0d43a elementor-mobile-align-center elementor-widget__width-initial elementor-widget-tablet__width-inherit elementor-widget elementor-widget-button\" data-id=\"cc0d43a\" data-element_type=\"widget\" data-widget_type=\"button.default\">\n\t\t\t\t<div class=\"elementor-widget-container\">\n\t\t\t\t\t<div class=\"elementor-button-wrapper\">\n\t\t\t<a href=\"https:\/\/miaamorcandle.com\/index.php\/termekkategoria\/allproducts\/\" class=\"elementor-button-link elementor-button elementor-size-sm\" role=\"button\">\n\t\t\t\t\t\t<span class=\"elementor-button-content-wrapper\">\n\t\t\t\t\t\t\t<span class=\"elementor-button-icon elementor-align-icon-right\">\n\t\t\t\t<i aria-hidden=\"true\" class=\"olars-icon- olars-icon-long-arrow-right\"><\/i>\t\t\t<\/span>\n\t\t\t\t\t\t<span class=\"elementor-button-text\">Discover now!<\/span>\n\t\t<\/span>\n\t\t\t\t\t<\/a>\n\t\t<\/div>\n\t\t\t\t<\/div>\n\t\t\t\t<\/div>\n\t\t\t\t\t<\/div>\n\t\t<\/div>\n\t\t\t\t<div class=\"elementor-column elementor-col-50 elementor-inner-column elementor-element elementor-element-fdb2e61\" data-id=\"fdb2e61\" data-element_type=\"column\">\n\t\t\t<div class=\"elementor-widget-wrap elementor-element-populated\">\n\t\t\t\t\t\t\t\t<div class=\"elementor-element elementor-element-43733ce elementor-widget elementor-widget-image\" data-id=\"43733ce\" data-element_type=\"widget\" data-widget_type=\"image.default\">\n\t\t\t\t<div class=\"elementor-widget-container\">\n\t\t\t\t\t\t\t\t\t\t\t\t\t\t\t<img loading=\"lazy\" decoding=\"async\" width=\"1920\" height=\"1920\" src=\"https:\/\/miaamorcandle.com\/wp-content\/uploads\/2022\/12\/IMG_8781.jpg\" class=\"attachment-full size-full wp-image-6542\" alt=\"\" srcset=\"https:\/\/miaamorcandle.com\/wp-content\/uploads\/2022\/12\/IMG_8781.jpg 1920w, https:\/\/miaamorcandle.com\/wp-content\/uploads\/2022\/12\/IMG_8781-330x330.jpg 330w, https:\/\/miaamorcandle.com\/wp-content\/uploads\/2022\/12\/IMG_8781-100x100.jpg 100w, https:\/\/miaamorcandle.com\/wp-content\/uploads\/2022\/12\/IMG_8781-800x800.jpg 800w, https:\/\/miaamorcandle.com\/wp-content\/uploads\/2022\/12\/IMG_8781-300x300.jpg 300w, https:\/\/miaamorcandle.com\/wp-content\/uploads\/2022\/12\/IMG_8781-1024x1024.jpg 1024w, https:\/\/miaamorcandle.com\/wp-content\/uploads\/2022\/12\/IMG_8781-150x150.jpg 150w, https:\/\/miaamorcandle.com\/wp-content\/uploads\/2022\/12\/IMG_8781-768x768.jpg 768w, https:\/\/miaamorcandle.com\/wp-content\/uploads\/2022\/12\/IMG_8781-1536x1536.jpg 1536w, https:\/\/miaamorcandle.com\/wp-content\/uploads\/2022\/12\/IMG_8781-2048x2048.jpg 2048w, https:\/\/miaamorcandle.com\/wp-content\/uploads\/2022\/12\/IMG_8781-630x630.jpg 630w, https:\/\/miaamorcandle.com\/wp-content\/uploads\/2022\/12\/IMG_8781-50x50.jpg 50w, https:\/\/miaamorcandle.com\/wp-content\/uploads\/2022\/12\/IMG_8781-460x460.jpg 460w\" sizes=\"(max-width: 1920px) 100vw, 1920px\" \/>\t\t\t\t\t\t\t\t\t\t\t\t\t\t\t<\/div>\n\t\t\t\t<\/div>\n\t\t\t\t<div class=\"elementor-element elementor-element-7fc895e elementor-widget elementor-widget-heading\" data-id=\"7fc895e\" data-element_type=\"widget\" data-widget_type=\"heading.default\">\n\t\t\t\t<div class=\"elementor-widget-container\">\n\t\t\t<h2 class=\"elementor-heading-title elementor-size-default\">Miaamor guarantee<\/h2>\t\t<\/div>\n\t\t\t\t<\/div>\n\t\t\t\t<div class=\"elementor-element elementor-element-3051dd1 elementor-widget elementor-widget-heading\" data-id=\"3051dd1\" data-element_type=\"widget\" data-widget_type=\"heading.default\">\n\t\t\t\t<div class=\"elementor-widget-container\">\n\t\t\t<h2 class=\"elementor-heading-title elementor-size-default\">We guarantee quality<\/h2>\t\t<\/div>\n\t\t\t\t<\/div>\n\t\t\t\t<div class=\"elementor-element elementor-element-a34b37a elementor-widget elementor-widget-text-editor\" data-id=\"a34b37a\" data-element_type=\"widget\" data-widget_type=\"text-editor.default\">\n\t\t\t\t<div class=\"elementor-widget-container\">\n\t\t\t\t\t\t\t<p>If you have any doubts about the ingredients, just send me an email and I will be happy to send you the documentation and answer any questions you may have.<\/p>\n\t\t\t\t\t\t<\/div>\n\t\t\t\t<\/div>\n\t\t\t\t<div class=\"elementor-element elementor-element-1f89d4a elementor-widget elementor-widget-heading\" data-id=\"1f89d4a\" data-element_type=\"widget\" data-widget_type=\"heading.default\">\n\t\t\t\t<div class=\"elementor-widget-container\">\n\t\t\t<h2 class=\"elementor-heading-title elementor-size-default\">Guarantee of a hidden gift inside the candle<\/h2>\t\t<\/div>\n\t\t\t\t<\/div>\n\t\t\t\t<div class=\"elementor-element elementor-element-6631ee8 elementor-widget elementor-widget-text-editor\" data-id=\"6631ee8\" data-element_type=\"widget\" data-widget_type=\"text-editor.default\">\n\t\t\t\t<div class=\"elementor-widget-container\">\n\t\t\t\t\t\t\t<p>We guarantee the gifts hidden in the candles. If you&#8217;re worried about fire damage, don&#8217;t worry, because if it happens and you report it to us, we&#8217;ll refund the full price of the product. We don&#8217;t want to disappoint you and we&#8217;ll do our best to make sure that doesn&#8217;t happen.<\/p>\n\t\t\t\t\t\t<\/div>\n\t\t\t\t<\/div>\n\t\t\t\t<div class=\"elementor-element elementor-element-831873c elementor-widget elementor-widget-heading\" data-id=\"831873c\" data-element_type=\"widget\" data-widget_type=\"heading.default\">\n\t\t\t\t<div class=\"elementor-widget-container\">\n\t\t\t<h2 class=\"elementor-heading-title elementor-size-default\">Fragrance Guarantee<\/h2>\t\t<\/div>\n\t\t\t\t<\/div>\n\t\t\t\t<div class=\"elementor-element elementor-element-2dce309 elementor-widget elementor-widget-text-editor\" data-id=\"2dce309\" data-element_type=\"widget\" data-widget_type=\"text-editor.default\">\n\t\t\t\t<div class=\"elementor-widget-container\">\n\t\t\t\t\t\t\t<p>It would be difficult to order candles online, so you have the option to return the product. If you don&#8217;t like the fragrance, we will gladly exchange it for another one or refund the purchase price of the product.<\/p>\n<p>Of course, this only applies to candles that have not yet been lit.<\/p>\n\t\t\t\t\t\t<\/div>\n\t\t\t\t<\/div>\n\t\t\t\t\t<\/div>\n\t\t<\/div>\n\t\t\t\t\t\t\t<\/div>\n\t\t<\/div>\n\t\t\t\t\t<\/div>\n\t\t<\/div>\n\t\t\t\t\t\t\t<\/div>\n\t\t<\/div>\n\t\t\t\t<div class=\"elementor-section elementor-top-section elementor-element elementor-element-89c2398 elementor-section-stretched elementor-section-boxed elementor-section-height-default elementor-section-height-default\" data-id=\"89c2398\" data-element_type=\"section\" data-settings=\"{&quot;stretch_section&quot;:&quot;section-stretched&quot;,&quot;background_background&quot;:&quot;classic&quot;}\">\n\t\t\t\t\t\t<div class=\"elementor-container elementor-column-gap-no\">\n\t\t\t\t\t<div class=\"elementor-column elementor-col-100 elementor-top-column elementor-element elementor-element-b27ae18\" data-id=\"b27ae18\" data-element_type=\"column\">\n\t\t\t<div class=\"elementor-widget-wrap elementor-element-populated\">\n\t\t\t\t\t\t\t\t<div class=\"elementor-element elementor-element-7c627a8 elementor-widget__width-auto elementor-widget elementor-widget-heading\" data-id=\"7c627a8\" data-element_type=\"widget\" data-widget_type=\"heading.default\">\n\t\t\t\t<div class=\"elementor-widget-container\">\n\t\t\t<h2 class=\"elementor-heading-title elementor-size-default\">Miaamor<\/h2>\t\t<\/div>\n\t\t\t\t<\/div>\n\t\t\t\t<div class=\"elementor-element elementor-element-2972bdc elementor-widget elementor-widget-heading\" data-id=\"2972bdc\" data-element_type=\"widget\" data-widget_type=\"heading.default\">\n\t\t\t\t<div class=\"elementor-widget-container\">\n\t\t\t<h2 class=\"elementor-heading-title elementor-size-default\">Reviews<\/h2>\t\t<\/div>\n\t\t\t\t<\/div>\n\t\t\t\t<div class=\"elementor-element elementor-element-a7c8f74 arrow-style-1 dots-style-1 elementor-widget elementor-widget-olars-testimonials\" data-id=\"a7c8f74\" data-element_type=\"widget\" data-widget_type=\"olars-testimonials.default\">\n\t\t\t\t<div class=\"elementor-widget-container\">\n\t\t\t            <div class=\"elementor-testimonial-item-wrapper\">\n                <div class=\"row olars-carousel\" data-settings=\"{&quot;navigation&quot;:&quot;both&quot;,&quot;autoplayHoverPause&quot;:true,&quot;autoplay&quot;:true,&quot;autoplaySpeed&quot;:5000,&quot;items&quot;:1,&quot;items_laptop&quot;:1,&quot;items_tablet_extra&quot;:1,&quot;items_tablet&quot;:&quot;1&quot;,&quot;items_mobile_extra&quot;:&quot;1&quot;,&quot;items_mobile&quot;:1,&quot;loop&quot;:true,&quot;breakpoint_laptop&quot;:1366,&quot;breakpoint_tablet_extra&quot;:1200,&quot;breakpoint_tablet&quot;:1024,&quot;breakpoint_mobile_extra&quot;:880,&quot;breakpoint_mobile&quot;:768,&quot;rtl&quot;:false}\">\n                                            <div class=\"column-item elementor-testimonial-item\">\n                            <div class=\"inner\">\n                                                                                                <div class=\"testimonial-content\">\n                                                                            <div class=\"content\">\"Fuu h\u00e1t jobb gyerty\u00e1kat elk\u00e9pzelnii seemm lehet leny\u00fcg\u00f6z\u00f6tt a t\u00f6k\u00e9letes kivitelez\u00e9s \u00e9s az illatookk el sem tudom mondani mennyire \u00f6r\u00fcltem hogy tal\u00e1lkozhattam egy ilyen csoda emberrel mint te es imadlaakkk\u2764\ufe0f\u2764\ufe0f\ud83d\ude0d\u00e9s a rendel\u00e9s pedig elk\u00e9peszt\u0151en gyors aj\u00e1nlom mindenkinek a gyerty\u00e1kat\u2764\ufe0f\"<\/div>\n                                                                        <div class=\"testimonial-caption\">\n                                                                                <div class=\"details\">\n                                            <div class=\"name\">Lotti<\/div>                                                                                    <\/div>\n                                    <\/div>\n                                <\/div>\n                            <\/div>\n                        <\/div>\n                                            <div class=\"column-item elementor-testimonial-item\">\n                            <div class=\"inner\">\n                                                                                                <div class=\"testimonial-content\">\n                                                                            <div class=\"content\">\"Csod\u00e1latos gyerty\u00e1k egy v\u00e9gtelen\u00fcl kedves \u00e9s pozit\u00edv kisug\u00e1rz\u00e1s\u00fa l\u00e1nyt\u00f3l!\nHihetetlen illatokkal t\u00f6lti be a szob\u00e1t minden term\u00e9ke. M\u00e1r j\u00f3 n\u00e9h\u00e1nyat beszereztem, mindegyik abszol\u00fat kedvenc lett!!\"<\/div>\n                                                                        <div class=\"testimonial-caption\">\n                                                                                <div class=\"details\">\n                                            <div class=\"name\">Fl\u00f3ra<\/div>                                                                                    <\/div>\n                                    <\/div>\n                                <\/div>\n                            <\/div>\n                        <\/div>\n                                            <div class=\"column-item elementor-testimonial-item\">\n                            <div class=\"inner\">\n                                                                                                <div class=\"testimonial-content\">\n                                                                            <div class=\"content\">\"Im\u00e1dom \u0151ket!!! Meg azt is, hogy tal\u00e1lkozhattunk \u00e9l\u0151ben a Szimpl\u00e1ban m\u00falt h\u00e9ten <3 K\u00d6SZ\u00d6N\u00d6M\"\n<\/div>\n                                                                        <div class=\"testimonial-caption\">\n                                                                                <div class=\"details\">\n                                            <div class=\"name\">Brigitta<\/div>                                                                                    <\/div>\n                                    <\/div>\n                                <\/div>\n                            <\/div>\n                        <\/div>\n                                            <div class=\"column-item elementor-testimonial-item\">\n                            <div class=\"inner\">\n                                                                                                <div class=\"testimonial-content\">\n                                                                            <div class=\"content\">\"Csod\u00e1latos illatok, egyedi \u00f6tletek \u00e9s kivitelez\u00e9s\u2764\ufe0f\"\n.<\/div>\n                                                                        <div class=\"testimonial-caption\">\n                                                                                <div class=\"details\">\n                                            <div class=\"name\">Gabriella<\/div>                                                                                    <\/div>\n                                    <\/div>\n                                <\/div>\n                            <\/div>\n                        <\/div>\n                                    <\/div>\n            <\/div>\n            \t\t<\/div>\n\t\t\t\t<\/div>\n\t\t\t\t\t<\/div>\n\t\t<\/div>\n\t\t\t\t\t\t\t<\/div>\n\t\t<\/div>\n\t\t\t\t\t\t\t<\/div>\n\t\t","protected":false},"excerpt":{"rendered":"<p>100% vegan products made by hand and with lots of love. Miaamor Give 50 hours of happiness into your home and your soul! Miaamor grew from a sudden idea into a business, for which I am indescribably grateful to you! As for me, I love fire and fragrances, I&#8217;m simply a scent fanatic. However, my [&hellip;]<\/p>\n","protected":false},"author":2,"featured_media":0,"parent":0,"menu_order":0,"comment_status":"closed","ping_status":"closed","template":"template-homepage.php","meta":{"inline_featured_image":false,"footnotes":""},"aioseo_notices":[],"_links":{"self":[{"href":"https:\/\/miaamorcandle.com\/en\/wp-json\/wp\/v2\/pages\/8378"}],"collection":[{"href":"https:\/\/miaamorcandle.com\/en\/wp-json\/wp\/v2\/pages"}],"about":[{"href":"https:\/\/miaamorcandle.com\/en\/wp-json\/wp\/v2\/types\/page"}],"author":[{"embeddable":true,"href":"https:\/\/miaamorcandle.com\/en\/wp-json\/wp\/v2\/users\/2"}],"replies":[{"embeddable":true,"href":"https:\/\/miaamorcandle.com\/en\/wp-json\/wp\/v2\/comments?post=8378"}],"version-history":[{"count":2,"href":"https:\/\/miaamorcandle.com\/en\/wp-json\/wp\/v2\/pages\/8378\/revisions"}],"predecessor-version":[{"id":8383,"href":"https:\/\/miaamorcandle.com\/en\/wp-json\/wp\/v2\/pages\/8378\/revisions\/8383"}],"wp:attachment":[{"href":"https:\/\/miaamorcandle.com\/en\/wp-json\/wp\/v2\/media?parent=8378"}],"curies":[{"name":"wp","href":"https:\/\/api.w.org\/{rel}","templated":true}]}}