{"id":8341,"date":"2022-10-06T14:52:24","date_gmt":"2022-10-06T14:52:24","guid":{"rendered":"https:\/\/miaamorcandle.com\/wishlist\/"},"modified":"2023-04-02T09:20:10","modified_gmt":"2023-04-02T09:20:10","slug":"wishlist","status":"publish","type":"page","link":"https:\/\/miaamorcandle.com\/en\/wishlist\/","title":{"rendered":"Wishlist"},"content":{"rendered":"<div class=\"woosw-list\"><table class=\"woosw-items\"><tr class=\"woosw-item woosw-item-9746\" data-id=\"9746\"><td class=\"woosw-item--image\"><a  href=\"https:\/\/miaamorcandle.com\/termek\/miaamor-strawberry-rhubarb-lemonade-2\/\" ><img loading=\"lazy\" decoding=\"async\" width=\"330\" height=\"330\" src=\"https:\/\/miaamorcandle.com\/wp-content\/uploads\/2023\/06\/IMG_9490-330x330.jpg\" class=\"attachment-woocommerce_thumbnail size-woocommerce_thumbnail\" alt=\"\" \/><\/a><\/td><td class=\"woosw-item--info\"><div class=\"woosw-item--name\"><a  href=\"https:\/\/miaamorcandle.com\/termek\/miaamor-strawberry-rhubarb-lemonade-2\/\" >Rebarbar\u00e1s epres limon\u00e1d\u00e9 sz\u00f3javiasz gyertya<\/a><\/div><div class=\"woosw-item--price\"><span class=\"woocommerce-Price-amount amount\"><span class=\"woocommerce-Price-currencySymbol\">&euro;<\/span>12,90<\/span><\/div><div class=\"woosw-item--time\">2025.12.15.<\/div><\/td><td class=\"woosw-item--actions\"><div class=\"woosw-item--stock\"><p class=\"stock in-stock\">In stock<\/p>\n<\/div><div class=\"woosw-item--add\"><p class=\"product woocommerce add_to_cart_inline \" style=\"\"><a href=\"?add-to-cart=9746\" aria-describedby=\"woocommerce_loop_add_to_cart_link_describedby_9746\" data-quantity=\"1\" class=\"button product_type_simple add_to_cart_button ajax_add_to_cart\" data-product_id=\"9746\" data-product_sku=\"106-ERL\" aria-label=\"Add to cart: &ldquo;Rebarbar\u00e1s epres limon\u00e1d\u00e9 sz\u00f3javiasz gyertya&rdquo;\" rel=\"nofollow\" data-product_name=\"Rebarbar\u00e1s epres limon\u00e1d\u00e9 sz\u00f3javiasz gyertya\" data-price=\"12.9\">Add to cart<\/a><span id=\"woocommerce_loop_add_to_cart_link_describedby_9746\" class=\"screen-reader-text\">\n\t<\/span>\n<\/p><\/div><\/td><\/tr><tr class=\"woosw-item woosw-item-12992\" data-id=\"12992\"><td class=\"woosw-item--image\"><a  href=\"https:\/\/miaamorcandle.com\/termek\/fairys-dream-lakasparfum\/\" ><img loading=\"lazy\" decoding=\"async\" width=\"330\" height=\"330\" src=\"https:\/\/miaamorcandle.com\/wp-content\/uploads\/2024\/05\/IMG_0176-330x330.jpg\" class=\"attachment-woocommerce_thumbnail size-woocommerce_thumbnail\" alt=\"\" \/><\/a><\/td><td class=\"woosw-item--info\"><div class=\"woosw-item--name\"><a  href=\"https:\/\/miaamorcandle.com\/termek\/fairys-dream-lakasparfum\/\" >Fairy's Dream Illat\u00fa Pr\u00e9mium Lak\u00e1sparf\u00fcm<\/a><\/div><div class=\"woosw-item--price\"><span class=\"woocommerce-Price-amount amount\"><span class=\"woocommerce-Price-currencySymbol\">&euro;<\/span>12,90<\/span><\/div><div class=\"woosw-item--time\">2025.12.15.<\/div><\/td><td class=\"woosw-item--actions\"><div class=\"woosw-item--stock\"><p class=\"stock in-stock\">In stock<\/p>\n<\/div><div class=\"woosw-item--add\"><p class=\"product woocommerce add_to_cart_inline \" style=\"\"><a href=\"?add-to-cart=12992\" aria-describedby=\"woocommerce_loop_add_to_cart_link_describedby_12992\" data-quantity=\"1\" class=\"button product_type_simple add_to_cart_button ajax_add_to_cart\" data-product_id=\"12992\" data-product_sku=\"LP-FAIRY\" aria-label=\"Add to cart: &ldquo;Fairy&#039;s Dream Illat\u00fa Pr\u00e9mium Lak\u00e1sparf\u00fcm&rdquo;\" rel=\"nofollow\" data-product_name=\"Fairy&#039;s Dream Illat\u00fa Pr\u00e9mium Lak\u00e1sparf\u00fcm\" data-price=\"12.9\">Add to cart<\/a><span id=\"woocommerce_loop_add_to_cart_link_describedby_12992\" class=\"screen-reader-text\">\n\t<\/span>\n<\/p><\/div><\/td><\/tr><tr class=\"woosw-item woosw-item-13070\" data-id=\"13070\"><td class=\"woosw-item--image\"><a  href=\"https:\/\/miaamorcandle.com\/termek\/lotusz-illatu-premium-lakasparfum\/\" ><img loading=\"lazy\" decoding=\"async\" width=\"330\" height=\"330\" src=\"https:\/\/miaamorcandle.com\/wp-content\/uploads\/2024\/05\/IMG_0163-330x330.jpg\" class=\"attachment-woocommerce_thumbnail size-woocommerce_thumbnail\" alt=\"\" \/><\/a><\/td><td class=\"woosw-item--info\"><div class=\"woosw-item--name\"><a  href=\"https:\/\/miaamorcandle.com\/termek\/lotusz-illatu-premium-lakasparfum\/\" >l\u00f3tusz Esszencia Illat\u00fa Pr\u00e9mium Lak\u00e1sparf\u00fcm<\/a><\/div><div class=\"woosw-item--price\"><span class=\"woocommerce-Price-amount amount\"><span class=\"woocommerce-Price-currencySymbol\">&euro;<\/span>12,90<\/span><\/div><div class=\"woosw-item--time\">2025.12.15.<\/div><\/td><td class=\"woosw-item--actions\"><div class=\"woosw-item--stock\"><p class=\"stock out-of-stock\">Out of stock<\/p>\n<\/div><div class=\"woosw-item--add\"><p class=\"product woocommerce add_to_cart_inline \" style=\"\"><a href=\"https:\/\/miaamorcandle.com\/termek\/lotusz-illatu-premium-lakasparfum\/\" aria-describedby=\"woocommerce_loop_add_to_cart_link_describedby_13070\" data-quantity=\"1\" class=\"button product_type_simple\" data-product_id=\"13070\" data-product_sku=\"LP-LOTUS\" aria-label=\"Read more about &ldquo;l\u00f3tusz Esszencia Illat\u00fa Pr\u00e9mium Lak\u00e1sparf\u00fcm&rdquo;\" rel=\"nofollow\" data-product_name=\"l\u00f3tusz Esszencia Illat\u00fa Pr\u00e9mium Lak\u00e1sparf\u00fcm\" data-price=\"12.9\">Read more<\/a><span id=\"woocommerce_loop_add_to_cart_link_describedby_13070\" class=\"screen-reader-text\">\n\t<\/span>\n<\/p><\/div><\/td><\/tr><tr class=\"woosw-item woosw-item-10336\" data-id=\"10336\"><td class=\"woosw-item--image\"><a  href=\"https:\/\/miaamorcandle.com\/termek\/miaamor-cinnamon-vanillin-2\/\" ><img loading=\"lazy\" decoding=\"async\" width=\"330\" height=\"330\" src=\"https:\/\/miaamorcandle.com\/wp-content\/uploads\/2023\/08\/IMG_9598-330x330.jpg\" class=\"attachment-woocommerce_thumbnail size-woocommerce_thumbnail\" alt=\"\" \/><\/a><\/td><td class=\"woosw-item--info\"><div class=\"woosw-item--name\"><a  href=\"https:\/\/miaamorcandle.com\/termek\/miaamor-cinnamon-vanillin-2\/\" >Fah\u00e9jas van\u00edlia Sz\u00f3javiasz Gyertya<\/a><\/div><div class=\"woosw-item--price\"><span class=\"woocommerce-Price-amount amount\"><span class=\"woocommerce-Price-currencySymbol\">&euro;<\/span>12,90<\/span><\/div><div class=\"woosw-item--time\">2025.12.15.<\/div><\/td><td class=\"woosw-item--actions\"><div class=\"woosw-item--stock\"><p class=\"stock in-stock\">In stock<\/p>\n<\/div><div class=\"woosw-item--add\"><p class=\"product woocommerce add_to_cart_inline \" style=\"\"><a href=\"?add-to-cart=10336\" aria-describedby=\"woocommerce_loop_add_to_cart_link_describedby_10336\" data-quantity=\"1\" class=\"button product_type_simple add_to_cart_button ajax_add_to_cart\" data-product_id=\"10336\" data-product_sku=\"106-FV\" aria-label=\"Add to cart: &ldquo;Fah\u00e9jas van\u00edlia Sz\u00f3javiasz Gyertya&rdquo;\" rel=\"nofollow\" data-product_name=\"Fah\u00e9jas van\u00edlia Sz\u00f3javiasz Gyertya\" data-price=\"12.9\">Add to cart<\/a><span id=\"woocommerce_loop_add_to_cart_link_describedby_10336\" class=\"screen-reader-text\">\n\t<\/span>\n<\/p><\/div><\/td><\/tr><tr class=\"woosw-item woosw-item-10348\" data-id=\"10348\"><td class=\"woosw-item--image\"><a  href=\"https:\/\/miaamorcandle.com\/termek\/miaamor-blue-grapes-2-2\/\" ><img loading=\"lazy\" decoding=\"async\" width=\"330\" height=\"330\" src=\"https:\/\/miaamorcandle.com\/wp-content\/uploads\/2023\/08\/IMG_9600-330x330.jpg\" class=\"attachment-woocommerce_thumbnail size-woocommerce_thumbnail\" alt=\"\" \/><\/a><\/td><td class=\"woosw-item--info\"><div class=\"woosw-item--name\"><a  href=\"https:\/\/miaamorcandle.com\/termek\/miaamor-blue-grapes-2-2\/\" >Blue Grapes-K\u00e9ksz\u0151l\u0151 sz\u00f3javiasz gyertya<\/a><\/div><div class=\"woosw-item--price\"><span class=\"woocommerce-Price-amount amount\"><span class=\"woocommerce-Price-currencySymbol\">&euro;<\/span>12,90<\/span><\/div><div class=\"woosw-item--time\">2025.12.15.<\/div><\/td><td class=\"woosw-item--actions\"><div class=\"woosw-item--stock\"><p class=\"stock in-stock\">In stock<\/p>\n<\/div><div class=\"woosw-item--add\"><p class=\"product woocommerce add_to_cart_inline \" style=\"\"><a href=\"?add-to-cart=10348\" aria-describedby=\"woocommerce_loop_add_to_cart_link_describedby_10348\" data-quantity=\"1\" class=\"button product_type_simple add_to_cart_button ajax_add_to_cart\" data-product_id=\"10348\" data-product_sku=\"106-BLUEG\" aria-label=\"Add to cart: &ldquo;Blue Grapes-K\u00e9ksz\u0151l\u0151 sz\u00f3javiasz gyertya&rdquo;\" rel=\"nofollow\" data-product_name=\"Blue Grapes-K\u00e9ksz\u0151l\u0151 sz\u00f3javiasz gyertya\" data-price=\"12.9\">Add to cart<\/a><span id=\"woocommerce_loop_add_to_cart_link_describedby_10348\" class=\"screen-reader-text\">\n\t<\/span>\n<\/p><\/div><\/td><\/tr><tr class=\"woosw-item woosw-item-11122\" data-id=\"11122\"><td class=\"woosw-item--image\"><a  href=\"https:\/\/miaamorcandle.com\/termek\/miaamor-cinnamon-apple-pie-3\/\" ><img loading=\"lazy\" decoding=\"async\" width=\"330\" height=\"330\" src=\"https:\/\/miaamorcandle.com\/wp-content\/uploads\/2023\/11\/IMG_9802-330x330.jpg\" class=\"attachment-woocommerce_thumbnail size-woocommerce_thumbnail\" alt=\"\" \/><\/a><\/td><td class=\"woosw-item--info\"><div class=\"woosw-item--name\"><a  href=\"https:\/\/miaamorcandle.com\/termek\/miaamor-cinnamon-apple-pie-3\/\" >Fah\u00e9jas Alm\u00e1s Pite Sz\u00f3javiasz Gyertya<\/a><\/div><div class=\"woosw-item--price\"><span class=\"woocommerce-Price-amount amount\"><span class=\"woocommerce-Price-currencySymbol\">&euro;<\/span>13,90<\/span><\/div><div class=\"woosw-item--time\">2025.12.15.<\/div><\/td><td class=\"woosw-item--actions\"><div class=\"woosw-item--stock\"><p class=\"stock out-of-stock\">Out of stock<\/p>\n<\/div><div class=\"woosw-item--add\"><p class=\"product woocommerce add_to_cart_inline \" style=\"\"><a href=\"https:\/\/miaamorcandle.com\/termek\/miaamor-cinnamon-apple-pie-3\/\" aria-describedby=\"woocommerce_loop_add_to_cart_link_describedby_11122\" data-quantity=\"1\" class=\"button product_type_simple\" data-product_id=\"11122\" data-product_sku=\"106-FAP\" aria-label=\"Read more about &ldquo;Fah\u00e9jas Alm\u00e1s Pite Sz\u00f3javiasz Gyertya&rdquo;\" rel=\"nofollow\" data-product_name=\"Fah\u00e9jas Alm\u00e1s Pite Sz\u00f3javiasz Gyertya\" data-price=\"13.9\">Read more<\/a><span id=\"woocommerce_loop_add_to_cart_link_describedby_11122\" class=\"screen-reader-text\">\n\t<\/span>\n<\/p><\/div><\/td><\/tr><tr class=\"woosw-item woosw-item-16799\" data-id=\"16799\"><td class=\"woosw-item--image\"><a  href=\"https:\/\/miaamorcandle.com\/termek\/rose-whisper-vanille-vanilias-rozsa-2\/\" ><img loading=\"lazy\" decoding=\"async\" width=\"330\" height=\"330\" src=\"https:\/\/miaamorcandle.com\/wp-content\/uploads\/2025\/04\/IMG_0889-330x330.jpg\" class=\"attachment-woocommerce_thumbnail size-woocommerce_thumbnail\" alt=\"Van\u00edli\u00e1s r\u00f3zsa gyrtya miaamor sz\u00f3javiasz\" \/><\/a><\/td><td class=\"woosw-item--info\"><div class=\"woosw-item--name\"><a  href=\"https:\/\/miaamorcandle.com\/termek\/rose-whisper-vanille-vanilias-rozsa-2\/\" >Rose Whisper Vanille -  Van\u00edli\u00e1s R\u00f3zsa<\/a><\/div><div class=\"woosw-item--price\"><span class=\"woocommerce-Price-amount amount\"><span class=\"woocommerce-Price-currencySymbol\">&euro;<\/span>12,42<\/span><\/div><div class=\"woosw-item--time\">2025.12.15.<\/div><\/td><td class=\"woosw-item--actions\"><div class=\"woosw-item--stock\"><\/div><div class=\"woosw-item--add\"><p class=\"product woocommerce add_to_cart_inline \" style=\"\"><a href=\"?add-to-cart=16799\" aria-describedby=\"woocommerce_loop_add_to_cart_link_describedby_16799\" data-quantity=\"1\" class=\"button product_type_simple add_to_cart_button ajax_add_to_cart\" data-product_id=\"16799\" data-product_sku=\"106-ROSEVANILLE\" aria-label=\"Add to cart: &ldquo;Rose Whisper Vanille -  Van\u00edli\u00e1s R\u00f3zsa&rdquo;\" rel=\"nofollow\" data-product_name=\"Rose Whisper Vanille -  Van\u00edli\u00e1s R\u00f3zsa\" data-price=\"12.42\">Add to cart<\/a><span id=\"woocommerce_loop_add_to_cart_link_describedby_16799\" class=\"screen-reader-text\">\n\t<\/span>\n<\/p><\/div><\/td><\/tr><tr class=\"woosw-item woosw-item-12400\" data-id=\"12400\"><td class=\"woosw-item--image\"><a  href=\"https:\/\/miaamorcandle.com\/termek\/miaamor-lotus-essence-2\/\" ><img loading=\"lazy\" decoding=\"async\" width=\"330\" height=\"330\" src=\"https:\/\/miaamorcandle.com\/wp-content\/uploads\/2024\/02\/IMG_0037-330x330.jpg\" class=\"attachment-woocommerce_thumbnail size-woocommerce_thumbnail\" alt=\"\" \/><\/a><\/td><td class=\"woosw-item--info\"><div class=\"woosw-item--name\"><a  href=\"https:\/\/miaamorcandle.com\/termek\/miaamor-lotus-essence-2\/\" >Lotus Essence L\u00f3tusz Sz\u00f3javiasz Gyertya<\/a><\/div><div class=\"woosw-item--price\"><span class=\"woocommerce-Price-amount amount\"><span class=\"woocommerce-Price-currencySymbol\">&euro;<\/span>12,90<\/span><\/div><div class=\"woosw-item--time\">2025.06.20.<\/div><\/td><td class=\"woosw-item--actions\"><div class=\"woosw-item--stock\"><p class=\"stock in-stock\">In stock<\/p>\n<\/div><div class=\"woosw-item--add\"><p class=\"product woocommerce add_to_cart_inline \" style=\"\"><a href=\"?add-to-cart=12400\" aria-describedby=\"woocommerce_loop_add_to_cart_link_describedby_12400\" data-quantity=\"1\" class=\"button product_type_simple add_to_cart_button ajax_add_to_cart\" data-product_id=\"12400\" data-product_sku=\"106-LE\" aria-label=\"Add to cart: &ldquo;Lotus Essence L\u00f3tusz Sz\u00f3javiasz Gyertya&rdquo;\" rel=\"nofollow\" data-product_name=\"Lotus Essence L\u00f3tusz Sz\u00f3javiasz Gyertya\" data-price=\"12.9\">Add to cart<\/a><span id=\"woocommerce_loop_add_to_cart_link_describedby_12400\" class=\"screen-reader-text\">\n\t<\/span>\n<\/p><\/div><\/td><\/tr><tr class=\"woosw-item woosw-item-9506\" data-id=\"9506\"><td class=\"woosw-item--image\"><a  href=\"https:\/\/miaamorcandle.com\/termek\/miaamor-mistery-tarot-with-mystic-scent-2\/\" ><img loading=\"lazy\" decoding=\"async\" width=\"330\" height=\"330\" src=\"https:\/\/miaamorcandle.com\/wp-content\/uploads\/2023\/06\/IMG_9412-330x330.jpg\" class=\"attachment-woocommerce_thumbnail size-woocommerce_thumbnail\" alt=\"\" \/><\/a><\/td><td class=\"woosw-item--info\"><div class=\"woosw-item--name\"><a  href=\"https:\/\/miaamorcandle.com\/termek\/miaamor-mistery-tarot-with-mystic-scent-2\/\" >Tarot Sz\u00f3javiasz Gyertya V\u00e9delmez\u0151 \u00c1sv\u00e1nyokkal<\/a><\/div><div class=\"woosw-item--price\"><span class=\"woocommerce-Price-amount amount\"><span class=\"woocommerce-Price-currencySymbol\">&euro;<\/span>25,00<\/span><\/div><div class=\"woosw-item--time\">2024.11.09.<\/div><\/td><td class=\"woosw-item--actions\"><div class=\"woosw-item--stock\"><p class=\"stock in-stock\">In stock<\/p>\n<\/div><div class=\"woosw-item--add\"><p class=\"product woocommerce add_to_cart_inline \" style=\"\"><a href=\"?add-to-cart=9506\" aria-describedby=\"woocommerce_loop_add_to_cart_link_describedby_9506\" data-quantity=\"1\" class=\"button product_type_simple add_to_cart_button ajax_add_to_cart\" data-product_id=\"9506\" data-product_sku=\"212A-TAROT\" aria-label=\"Add to cart: &ldquo;Tarot Sz\u00f3javiasz Gyertya V\u00e9delmez\u0151 \u00c1sv\u00e1nyokkal&rdquo;\" rel=\"nofollow\" data-product_name=\"Tarot Sz\u00f3javiasz Gyertya V\u00e9delmez\u0151 \u00c1sv\u00e1nyokkal\" data-price=\"25\">Add to cart<\/a><span id=\"woocommerce_loop_add_to_cart_link_describedby_9506\" class=\"screen-reader-text\">\n\t<\/span>\n<\/p><\/div><\/td><\/tr><tr class=\"woosw-item woosw-item-12482\" data-id=\"12482\"><td class=\"woosw-item--image\"><a  href=\"https:\/\/miaamorcandle.com\/termek\/magnolia-illatu-szojaviasz-gyertya-2\/\" ><img loading=\"lazy\" decoding=\"async\" width=\"330\" height=\"330\" src=\"https:\/\/miaamorcandle.com\/wp-content\/uploads\/2024\/02\/IMG_0064-330x330.jpg\" class=\"attachment-woocommerce_thumbnail size-woocommerce_thumbnail\" alt=\"\" \/><\/a><\/td><td class=\"woosw-item--info\"><div class=\"woosw-item--name\"><a  href=\"https:\/\/miaamorcandle.com\/termek\/magnolia-illatu-szojaviasz-gyertya-2\/\" >Magn\u00f3lia Illat\u00fa Sz\u00f3javiasz Gyertya<\/a><\/div><div class=\"woosw-item--price\"><span class=\"woocommerce-Price-amount amount\"><span class=\"woocommerce-Price-currencySymbol\">&euro;<\/span>13,90<\/span><\/div><div class=\"woosw-item--time\">2024.04.19.<\/div><\/td><td class=\"woosw-item--actions\"><div class=\"woosw-item--stock\"><p class=\"stock in-stock\">In stock<\/p>\n<\/div><div class=\"woosw-item--add\"><p class=\"product woocommerce add_to_cart_inline \" style=\"\"><a href=\"?add-to-cart=12482\" aria-describedby=\"woocommerce_loop_add_to_cart_link_describedby_12482\" data-quantity=\"1\" class=\"button product_type_simple add_to_cart_button ajax_add_to_cart\" data-product_id=\"12482\" data-product_sku=\"106A-MAG\" aria-label=\"Add to cart: &ldquo;Magn\u00f3lia Illat\u00fa Sz\u00f3javiasz Gyertya&rdquo;\" rel=\"nofollow\" data-product_name=\"Magn\u00f3lia Illat\u00fa Sz\u00f3javiasz Gyertya\" data-price=\"13.9\">Add to cart<\/a><span id=\"woocommerce_loop_add_to_cart_link_describedby_12482\" class=\"screen-reader-text\">\n\t<\/span>\n<\/p><\/div><\/td><\/tr><tr class=\"woosw-item woosw-item-5725\" data-id=\"5725\"><td class=\"woosw-item--image\"><a  href=\"https:\/\/miaamorcandle.com\/termek\/lion-oroszlan\/\" ><img loading=\"lazy\" decoding=\"async\" width=\"330\" height=\"330\" src=\"https:\/\/miaamorcandle.com\/wp-content\/uploads\/2022\/10\/IMG_8516-scaled-330x330.jpg\" class=\"attachment-woocommerce_thumbnail size-woocommerce_thumbnail\" alt=\"\" \/><\/a><\/td><td class=\"woosw-item--info\"><div class=\"woosw-item--name\"><a  href=\"https:\/\/miaamorcandle.com\/termek\/lion-oroszlan\/\" >Leo\/Oroszl\u00e1n Horoszk\u00f3p Sz\u00f3javiasz Gyertya<\/a><\/div><div class=\"woosw-item--price\"><span class=\"woocommerce-Price-amount amount\"><span class=\"woocommerce-Price-currencySymbol\">&euro;<\/span>25,00<\/span><\/div><div class=\"woosw-item--time\">2023.08.08.<\/div><\/td><td class=\"woosw-item--actions\"><div class=\"woosw-item--stock\"><p class=\"stock in-stock\">In stock<\/p>\n<\/div><div class=\"woosw-item--add\"><p class=\"product woocommerce add_to_cart_inline \" style=\"\"><a href=\"?add-to-cart=5725\" aria-describedby=\"woocommerce_loop_add_to_cart_link_describedby_5725\" data-quantity=\"1\" class=\"button product_type_simple add_to_cart_button ajax_add_to_cart\" data-product_id=\"5725\" data-product_sku=\"212A-LEO\" aria-label=\"Add to cart: &ldquo;Leo\/Oroszl\u00e1n Horoszk\u00f3p Sz\u00f3javiasz Gyertya&rdquo;\" rel=\"nofollow\" data-product_name=\"Leo\/Oroszl\u00e1n Horoszk\u00f3p Sz\u00f3javiasz Gyertya\" data-price=\"25\">Add to cart<\/a><span id=\"woocommerce_loop_add_to_cart_link_describedby_5725\" class=\"screen-reader-text\">\n\t<\/span>\n<\/p><\/div><\/td><\/tr><tr class=\"woosw-item woosw-item-5767\" data-id=\"5767\"><td class=\"woosw-item--image\"><a  href=\"https:\/\/miaamorcandle.com\/termek\/sagittaire-nyilas\/\" ><img loading=\"lazy\" decoding=\"async\" width=\"330\" height=\"330\" src=\"https:\/\/miaamorcandle.com\/wp-content\/uploads\/2022\/11\/IMG_9169-330x330.jpg\" class=\"attachment-woocommerce_thumbnail size-woocommerce_thumbnail\" alt=\"\" \/><\/a><\/td><td class=\"woosw-item--info\"><div class=\"woosw-item--name\"><a  href=\"https:\/\/miaamorcandle.com\/termek\/sagittaire-nyilas\/\" >Sagittaire\/Nyilas Horoszk\u00f3p Sz\u00f3javiasz Gyertya<\/a><\/div><div class=\"woosw-item--price\"><span class=\"woocommerce-Price-amount amount\"><span class=\"woocommerce-Price-currencySymbol\">&euro;<\/span>30,00<\/span><\/div><div class=\"woosw-item--time\">2023.08.07.<\/div><\/td><td class=\"woosw-item--actions\"><div class=\"woosw-item--stock\"><p class=\"stock in-stock\">In stock<\/p>\n<\/div><div class=\"woosw-item--add\"><p class=\"product woocommerce add_to_cart_inline \" style=\"\"><a href=\"?add-to-cart=5767\" aria-describedby=\"woocommerce_loop_add_to_cart_link_describedby_5767\" data-quantity=\"1\" class=\"button product_type_simple add_to_cart_button ajax_add_to_cart\" data-product_id=\"5767\" data-product_sku=\"212A-SAGI\" aria-label=\"Add to cart: &ldquo;Sagittaire\/Nyilas Horoszk\u00f3p Sz\u00f3javiasz Gyertya&rdquo;\" rel=\"nofollow\" data-product_name=\"Sagittaire\/Nyilas Horoszk\u00f3p Sz\u00f3javiasz Gyertya\" data-price=\"30\">Add to cart<\/a><span id=\"woocommerce_loop_add_to_cart_link_describedby_5767\" class=\"screen-reader-text\">\n\t<\/span>\n<\/p><\/div><\/td><\/tr><tr class=\"woosw-item woosw-item-5770\" data-id=\"5770\"><td class=\"woosw-item--image\"><a  href=\"https:\/\/miaamorcandle.com\/termek\/scorpion-skorpio\/\" ><img loading=\"lazy\" decoding=\"async\" width=\"330\" height=\"330\" src=\"https:\/\/miaamorcandle.com\/wp-content\/uploads\/2022\/11\/IMG_8522-scaled-330x330.jpg\" class=\"attachment-woocommerce_thumbnail size-woocommerce_thumbnail\" alt=\"\" \/><\/a><\/td><td class=\"woosw-item--info\"><div class=\"woosw-item--name\"><a  href=\"https:\/\/miaamorcandle.com\/termek\/scorpion-skorpio\/\" >Scorpion\/Skorpi\u00f3 Horoszk\u00f3p Sz\u00f3javiasz Gyertya<\/a><\/div><div class=\"woosw-item--price\"><span class=\"woocommerce-Price-amount amount\"><span class=\"woocommerce-Price-currencySymbol\">&euro;<\/span>30,00<\/span><\/div><div class=\"woosw-item--time\">2023.08.07.<\/div><\/td><td class=\"woosw-item--actions\"><div class=\"woosw-item--stock\"><p class=\"stock in-stock\">In stock<\/p>\n<\/div><div class=\"woosw-item--add\"><p class=\"product woocommerce add_to_cart_inline \" style=\"\"><a href=\"?add-to-cart=5770\" aria-describedby=\"woocommerce_loop_add_to_cart_link_describedby_5770\" data-quantity=\"1\" class=\"button product_type_simple add_to_cart_button ajax_add_to_cart\" data-product_id=\"5770\" data-product_sku=\"212A-SCORPIO\" aria-label=\"Add to cart: &ldquo;Scorpion\/Skorpi\u00f3 Horoszk\u00f3p Sz\u00f3javiasz Gyertya&rdquo;\" rel=\"nofollow\" data-product_name=\"Scorpion\/Skorpi\u00f3 Horoszk\u00f3p Sz\u00f3javiasz Gyertya\" data-price=\"30\">Add to cart<\/a><span id=\"woocommerce_loop_add_to_cart_link_describedby_5770\" class=\"screen-reader-text\">\n\t<\/span>\n<\/p><\/div><\/td><\/tr><\/table><div class=\"woosw-actions\"><div class=\"woosw-copy\"><span class=\"woosw-copy-label\">Wishlist link:<\/span><span class=\"woosw-copy-url\"><input id=\"woosw_copy_url\" type=\"url\" value=\"https:\/\/miaamorcandle.com\/wishlist\/WOOSW\" readonly\/><\/span><span class=\"woosw-copy-btn\"><input id=\"woosw_copy_btn\" type=\"button\" value=\"Copy\"\/><\/span><\/div><!-- \/woosw-copy --><\/div><!-- \/woosw-actions --><\/div><!-- \/woosw-list -->\n","protected":false},"excerpt":{"rendered":"","protected":false},"author":2,"featured_media":0,"parent":0,"menu_order":0,"comment_status":"closed","ping_status":"closed","template":"","meta":{"inline_featured_image":false,"footnotes":""},"aioseo_notices":[],"_links":{"self":[{"href":"https:\/\/miaamorcandle.com\/en\/wp-json\/wp\/v2\/pages\/8341"}],"collection":[{"href":"https:\/\/miaamorcandle.com\/en\/wp-json\/wp\/v2\/pages"}],"about":[{"href":"https:\/\/miaamorcandle.com\/en\/wp-json\/wp\/v2\/types\/page"}],"author":[{"embeddable":true,"href":"https:\/\/miaamorcandle.com\/en\/wp-json\/wp\/v2\/users\/2"}],"replies":[{"embeddable":true,"href":"https:\/\/miaamorcandle.com\/en\/wp-json\/wp\/v2\/comments?post=8341"}],"version-history":[{"count":1,"href":"https:\/\/miaamorcandle.com\/en\/wp-json\/wp\/v2\/pages\/8341\/revisions"}],"predecessor-version":[{"id":8350,"href":"https:\/\/miaamorcandle.com\/en\/wp-json\/wp\/v2\/pages\/8341\/revisions\/8350"}],"wp:attachment":[{"href":"https:\/\/miaamorcandle.com\/en\/wp-json\/wp\/v2\/media?parent=8341"}],"curies":[{"name":"wp","href":"https:\/\/api.w.org\/{rel}","templated":true}]}}